{"id":47,"date":"2018-02-17T21:08:48","date_gmt":"2018-02-17T21:08:48","guid":{"rendered":"http:\/\/xn--natrlichpippa-yob.de\/?page_id=47"},"modified":"2020-03-31T21:47:55","modified_gmt":"2020-03-31T21:47:55","slug":"ueber-mich","status":"publish","type":"page","link":"http:\/\/xn--natrlichpippa-yob.de\/?page_id=47","title":{"rendered":"\u00dcber mich"},"content":{"rendered":"<p><img loading=\"lazy\" decoding=\"async\" class=\"size-medium wp-image-405 alignleft\" src=\"http:\/\/xn--natrlichpippa-yob.de\/wp-content\/uploads\/2019\/02\/Portr\u00e4t_Pippa_2019-300x200.jpg\" alt=\"\" width=\"300\" height=\"200\" srcset=\"http:\/\/xn--natrlichpippa-yob.de\/wp-content\/uploads\/2019\/02\/Portr\u00e4t_Pippa_2019-300x200.jpg 300w, http:\/\/xn--natrlichpippa-yob.de\/wp-content\/uploads\/2019\/02\/Portr\u00e4t_Pippa_2019-768x512.jpg 768w, http:\/\/xn--natrlichpippa-yob.de\/wp-content\/uploads\/2019\/02\/Portr\u00e4t_Pippa_2019-1024x683.jpg 1024w, http:\/\/xn--natrlichpippa-yob.de\/wp-content\/uploads\/2019\/02\/Portr\u00e4t_Pippa_2019-370x247.jpg 370w, http:\/\/xn--natrlichpippa-yob.de\/wp-content\/uploads\/2019\/02\/Portr\u00e4t_Pippa_2019-1040x693.jpg 1040w, http:\/\/xn--natrlichpippa-yob.de\/wp-content\/uploads\/2019\/02\/Portr\u00e4t_Pippa_2019.jpg 1800w\" sizes=\"auto, (max-width: 300px) 100vw, 300px\" \/><\/p>\n<p>Hallo, wie sch\u00f6n, dass du her gefunden hast. Ich bin Pippa, irgendwo in den Drei\u00dfigern, Ehefrau und Mutter von drei kleinen S\u00f6hnen. Mich macht aber noch einiges mehr aus. Ich liebe Milchkaffee, Fr\u00fchst\u00fcck im Garten und ofenwarme Kekse. Ich fahre lieber Fahrrad als Auto, esse gern selbst gebackenes Brot und verlasse das Haus nie ohne meinen Kalender. Beim Ukulele Spielen oder Vivaldis \u201eVier Jahreszeiten&#8220; H\u00f6ren bekomme ich gute Laune. Gesunde Ern\u00e4hrung, ein verantwortungsvoller Umgang mit der Natur und ein respektvolles, freundliches Miteinander sind mir besonders wichtig. Was ich gar nicht mag, sind Plastikt\u00fcten und -dosen, deshalb versuche ich so gut es geht, sie zu vermeiden.<\/p>\n<p>Hier auf dem Blog findest du kleine DIY-Projekte, meine Erfahrungen aus dem Familienalltag und wie ich diesen mit Ideen, Planung und Organisation versuche zu meistern.<\/p>\n<p>Ich freue mich, wenn du mich dabei ein St\u00fcck begleitest. Und wenn es dir gef\u00e4llt oder du eine Anregung hast, dann lass mir doch einfach einen Kommentar da oder schreib mir unter: pippa\u00a0 AT nat\u00fcrlichpippa PUNKT de<\/p>\n<p>Alles Liebe,<br \/>\nPippa<\/p>\n","protected":false},"excerpt":{"rendered":"<p>Hallo, wie sch\u00f6n, dass du her gefunden hast. Ich bin Pippa, irgendwo in den Drei\u00dfigern, Ehefrau und Mutter von drei kleinen S\u00f6hnen. Mich macht aber noch einiges mehr aus. Ich liebe Milchkaffee, Fr\u00fchst\u00fcck im Garten und ofenwarme Kekse. Ich fahre lieber Fahrrad als Auto, esse gern selbst gebackenes Brot und verlasse das Haus nie ohne &hellip; <\/p>\n","protected":false},"author":1,"featured_media":0,"parent":0,"menu_order":0,"comment_status":"closed","ping_status":"closed","template":"","meta":{"footnotes":""},"class_list":["post-47","page","type-page","status-publish","hentry","latest_post"],"_links":{"self":[{"href":"http:\/\/xn--natrlichpippa-yob.de\/index.php?rest_route=\/wp\/v2\/pages\/47","targetHints":{"allow":["GET"]}}],"collection":[{"href":"http:\/\/xn--natrlichpippa-yob.de\/index.php?rest_route=\/wp\/v2\/pages"}],"about":[{"href":"http:\/\/xn--natrlichpippa-yob.de\/index.php?rest_route=\/wp\/v2\/types\/page"}],"author":[{"embeddable":true,"href":"http:\/\/xn--natrlichpippa-yob.de\/index.php?rest_route=\/wp\/v2\/users\/1"}],"replies":[{"embeddable":true,"href":"http:\/\/xn--natrlichpippa-yob.de\/index.php?rest_route=%2Fwp%2Fv2%2Fcomments&post=47"}],"version-history":[{"count":12,"href":"http:\/\/xn--natrlichpippa-yob.de\/index.php?rest_route=\/wp\/v2\/pages\/47\/revisions"}],"predecessor-version":[{"id":539,"href":"http:\/\/xn--natrlichpippa-yob.de\/index.php?rest_route=\/wp\/v2\/pages\/47\/revisions\/539"}],"wp:attachment":[{"href":"http:\/\/xn--natrlichpippa-yob.de\/index.php?rest_route=%2Fwp%2Fv2%2Fmedia&parent=47"}],"curies":[{"name":"wp","href":"https:\/\/api.w.org\/{rel}","templated":true}]}}